{"id":67,"date":"2025-04-15T14:13:29","date_gmt":"2025-04-15T12:13:29","guid":{"rendered":"https:\/\/www.hamburgcard.com\/?page_id=67"},"modified":"2025-04-15T14:13:29","modified_gmt":"2025-04-15T12:13:29","slug":"imprint","status":"publish","type":"page","link":"https:\/\/www.hamburgcard.com\/pl\/imprint\/","title":{"rendered":"Nadruk"},"content":{"rendered":"<p>Patrick K\u00fchne<br>Kolpingstr. 12<br>04416 Markkleeberg<\/p>\n\n\n\n<h2 class=\"wp-block-heading\">Kontakt<\/h2>\n\n\n\n<p>E-mail: patrick@101places.de.de<\/p>\n\n\n\n<h2 class=\"wp-block-heading\">Identyfikator podatkowy sprzeda\u017cy<\/h2>\n\n\n\n<p>Numer identyfikacji podatkowej zgodnie z \u00a7 27 ustawy o podatku od sprzeda\u017cy:<br>DE251359457<\/p>\n\n\n\n<h2 class=\"wp-block-heading\">Rozstrzyganie spor\u00f3w konsumenckich<\/h2>\n\n\n\n<p>Nie jeste\u015bmy sk\u0142onni ani zobowi\u0105zani do udzia\u0142u w post\u0119powaniu rozstrzygaj\u0105cym spory przed komisj\u0105 arbitra\u017cow\u0105 ds. konsument\u00f3w.<\/p>","protected":false},"excerpt":{"rendered":"<p>Patrick K\u00fchneKolpingstr. 1204416 Markkleeberg Kontakt Email: patrick@101places.de.de NIP Numer identyfikacyjny VAT zgodnie z \u00a7 27 a Umsatzsteuergesetz:DE251359457 Rozstrzyganie spor\u00f3w konsumenckich Nie jeste\u015bmy sk\u0142onni ani zobowi\u0105zani do udzia\u0142u w post\u0119powaniu rozstrzygaj\u0105cym spory przed komisj\u0105 arbitra\u017cow\u0105 konsument\u00f3w.<\/p>","protected":false},"author":1,"featured_media":0,"parent":0,"menu_order":0,"comment_status":"closed","ping_status":"closed","template":"","meta":{"footnotes":""},"class_list":["post-67","page","type-page","status-publish"],"aioseo_notices":[],"_links":{"self":[{"href":"https:\/\/www.hamburgcard.com\/pl\/wp-json\/wp\/v2\/pages\/67","targetHints":{"allow":["GET"]}}],"collection":[{"href":"https:\/\/www.hamburgcard.com\/pl\/wp-json\/wp\/v2\/pages"}],"about":[{"href":"https:\/\/www.hamburgcard.com\/pl\/wp-json\/wp\/v2\/types\/page"}],"author":[{"embeddable":true,"href":"https:\/\/www.hamburgcard.com\/pl\/wp-json\/wp\/v2\/users\/1"}],"replies":[{"embeddable":true,"href":"https:\/\/www.hamburgcard.com\/pl\/wp-json\/wp\/v2\/comments?post=67"}],"version-history":[{"count":1,"href":"https:\/\/www.hamburgcard.com\/pl\/wp-json\/wp\/v2\/pages\/67\/revisions"}],"predecessor-version":[{"id":68,"href":"https:\/\/www.hamburgcard.com\/pl\/wp-json\/wp\/v2\/pages\/67\/revisions\/68"}],"wp:attachment":[{"href":"https:\/\/www.hamburgcard.com\/pl\/wp-json\/wp\/v2\/media?parent=67"}],"curies":[{"name":"wp","href":"https:\/\/api.w.org\/{rel}","templated":true}]}}