{"id":67,"date":"2025-04-15T14:13:29","date_gmt":"2025-04-15T12:13:29","guid":{"rendered":"https:\/\/www.hamburgcard.com\/?page_id=67"},"modified":"2025-04-15T14:13:29","modified_gmt":"2025-04-15T12:13:29","slug":"imprint","status":"publish","type":"page","link":"https:\/\/www.hamburgcard.com\/da\/imprint\/","title":{"rendered":"P\u00e5tryk"},"content":{"rendered":"<p>Patrick K\u00fchne<br>Kolpingstr. 12<br>04416 Markkleeberg<\/p>\n\n\n\n<h2 class=\"wp-block-heading\">Kontakt<\/h2>\n\n\n\n<p>E-mail: patrick@101places.de.de<\/p>\n\n\n\n<h2 class=\"wp-block-heading\">Salgsskat-id<\/h2>\n\n\n\n<p>Momsidentifikationsnummer i henhold til \u00a7 27 a i momsloven:<br>DE251359457<\/p>\n\n\n\n<h2 class=\"wp-block-heading\">L\u00f8sning af forbrugertvister<\/h2>\n\n\n\n<p>Vi er ikke villige eller forpligtede til at deltage i tvistbil\u00e6ggelsesprocedurer ved et forbrugervoldgiftsn\u00e6vn.<\/p>","protected":false},"excerpt":{"rendered":"<p>Patrick K\u00fchneKolpingstr. 1204416 Markkleeberg Kontakt Email: patrick@101places.de.de VAT ID Momsidentifikationsnummer i henhold til \u00a7 27 a Umsatzsteuergesetz:DE251359457 L\u00f8sning af forbrugertvister Vi er ikke villige eller forpligtede til at deltage i tvistbil\u00e6ggelsesprocedurer for et forbrugervoldgiftsn\u00e6vn.<\/p>","protected":false},"author":1,"featured_media":0,"parent":0,"menu_order":0,"comment_status":"closed","ping_status":"closed","template":"","meta":{"footnotes":""},"class_list":["post-67","page","type-page","status-publish"],"aioseo_notices":[],"_links":{"self":[{"href":"https:\/\/www.hamburgcard.com\/da\/wp-json\/wp\/v2\/pages\/67","targetHints":{"allow":["GET"]}}],"collection":[{"href":"https:\/\/www.hamburgcard.com\/da\/wp-json\/wp\/v2\/pages"}],"about":[{"href":"https:\/\/www.hamburgcard.com\/da\/wp-json\/wp\/v2\/types\/page"}],"author":[{"embeddable":true,"href":"https:\/\/www.hamburgcard.com\/da\/wp-json\/wp\/v2\/users\/1"}],"replies":[{"embeddable":true,"href":"https:\/\/www.hamburgcard.com\/da\/wp-json\/wp\/v2\/comments?post=67"}],"version-history":[{"count":1,"href":"https:\/\/www.hamburgcard.com\/da\/wp-json\/wp\/v2\/pages\/67\/revisions"}],"predecessor-version":[{"id":68,"href":"https:\/\/www.hamburgcard.com\/da\/wp-json\/wp\/v2\/pages\/67\/revisions\/68"}],"wp:attachment":[{"href":"https:\/\/www.hamburgcard.com\/da\/wp-json\/wp\/v2\/media?parent=67"}],"curies":[{"name":"wp","href":"https:\/\/api.w.org\/{rel}","templated":true}]}}